{"id":58,"date":"2026-03-06T11:08:58","date_gmt":"2026-03-06T10:08:58","guid":{"rendered":"http:\/\/buergerlisten-ooe.at\/peuerbach\/about\/"},"modified":"2026-03-06T13:24:19","modified_gmt":"2026-03-06T12:24:19","slug":"about","status":"publish","type":"page","link":"https:\/\/buergerlisten-ooe.at\/peuerbach\/about\/","title":{"rendered":"\u00dcber uns"},"content":{"rendered":"\t\t<div data-elementor-type=\"wp-page\" data-elementor-id=\"58\" class=\"elementor elementor-58\" data-elementor-post-type=\"page\">\n\t\t\t\t<div class=\"elementor-element elementor-element-5f37228d e-con-full e-flex e-con e-parent\" data-id=\"5f37228d\" data-element_type=\"container\" data-e-type=\"container\">\n\t\t\t\t<div class=\"elementor-element elementor-element-4dce0727 elementor-widget elementor-widget-heading\" data-id=\"4dce0727\" data-element_type=\"widget\" data-e-type=\"widget\" data-widget_type=\"heading.default\">\n\t\t\t\t\t<h1 class=\"elementor-heading-title elementor-size-default\">\u00dcber uns<\/h1>\t\t\t\t<\/div>\n\t\t\t\t<div class=\"elementor-element elementor-element-269c27b5 elementor-widget elementor-widget-text-editor\" data-id=\"269c27b5\" data-element_type=\"widget\" data-e-type=\"widget\" data-widget_type=\"text-editor.default\">\n\t\t\t\t\t\t\t\t\t<p>B\u00fcrgernah, ehrlich und mit voller \u00dcberzeugung f\u00fcr unsere Gemeinde da.<\/p>\t\t\t\t\t\t\t\t<\/div>\n\t\t\t\t<\/div>\n\t\t<div class=\"elementor-element elementor-element-21ed2379 e-con-full e-flex e-con e-parent\" data-id=\"21ed2379\" data-element_type=\"container\" data-e-type=\"container\">\n\t\t<div class=\"elementor-element elementor-element-5dbc8c64 e-con-full e-flex e-con e-child\" data-id=\"5dbc8c64\" data-element_type=\"container\" data-e-type=\"container\" data-settings=\"{&quot;background_background&quot;:&quot;classic&quot;}\">\n\t\t\t\t<\/div>\n\t\t<div class=\"elementor-element elementor-element-23c4d123 e-con-full e-flex e-con e-child\" data-id=\"23c4d123\" data-element_type=\"container\" data-e-type=\"container\">\n\t\t\t\t<div class=\"elementor-element elementor-element-835dfd elementor-widget elementor-widget-heading\" data-id=\"835dfd\" data-element_type=\"widget\" data-e-type=\"widget\" data-widget_type=\"heading.default\">\n\t\t\t\t\t<h2 class=\"elementor-heading-title elementor-size-default\">Menschen mit Haltung. Ein starkes Team f\u00fcr Peuerbach.<\/h2>\t\t\t\t<\/div>\n\t\t\t\t<div class=\"elementor-element elementor-element-48efc486 elementor-widget elementor-widget-text-editor\" data-id=\"48efc486\" data-element_type=\"widget\" data-e-type=\"widget\" data-widget_type=\"text-editor.default\">\n\t\t\t\t\t\t\t\t\t<p data-start=\"116\" data-end=\"583\">Wir sind TOP Peuerbach \u2013 eine engagierte B\u00fcrgerliste, die sich seit 2017 mit \u00dcberzeugung, Hausverstand und echter B\u00fcrgern\u00e4he f\u00fcr die Anliegen unserer Gemeinde einsetzt. Als Teil der B\u00fcrgerlisten Ober\u00f6sterreich stehen wir f\u00fcr eine sachliche, unabh\u00e4ngige und l\u00f6sungsorientierte Politik, die nicht in ideologischen Kategorien denkt, sondern das in den Mittelpunkt stellt, was Peuerbach wirklich weiterbringt.<\/p><p data-start=\"116\" data-end=\"583\">Unser Team verbindet unterschiedliche Perspektiven, gemeinsame Verantwortung und das klare Ziel, Peuerbach aktiv mitzugestalten. Dabei geht es uns nicht um gro\u00dfe Worte, sondern um konkrete Verbesserungen f\u00fcr die Menschen vor Ort: eine lebenswerte Innenstadt, leistbaren Wohnraum, starke Bildungsangebote, attraktive Freizeit- und Begegnungsr\u00e4ume sowie eine Gemeinde, in der Zusammenhalt und Entwicklung Hand in Hand gehen. Gleichzeitig bauen wir auf dem auf, was bereits erreicht wurde, und arbeiten mit frischen Ideen an einer starken Zukunft f\u00fcr Peuerbach. So wollen wir auch mit Blick auf die kommenden Kommunalwahlen ein glaubw\u00fcrdiges Angebot f\u00fcr alle B\u00fcrgerinnen und B\u00fcrger schaffen, die sich Ehrlichkeit, Engagement und echte N\u00e4he zur Gemeinde w\u00fcnschen.<\/p>\t\t\t\t\t\t\t\t<\/div>\n\t\t\t\t<\/div>\n\t\t\t\t<\/div>\n\t\t<div class=\"elementor-element elementor-element-2c87e684 e-con-full e-flex e-con e-parent\" data-id=\"2c87e684\" data-element_type=\"container\" data-e-type=\"container\">\n\t\t\t\t<div class=\"elementor-element elementor-element-28439686 elementor-widget elementor-widget-text-editor\" data-id=\"28439686\" data-element_type=\"widget\" data-e-type=\"widget\" data-widget_type=\"text-editor.default\">\n\t\t\t\t\t\t\t\t\t<p>Das Kernteam von TOP Peuerbach<\/p>\t\t\t\t\t\t\t\t<\/div>\n\t\t\t\t<\/div>\n\t\t<div class=\"elementor-element elementor-element-5b8ce156 e-con-full e-flex e-con e-parent\" data-id=\"5b8ce156\" data-element_type=\"container\" data-e-type=\"container\">\n\t\t\t\t<div class=\"elementor-element elementor-element-e1c6396 elementor-widget elementor-widget-heading\" data-id=\"e1c6396\" data-element_type=\"widget\" data-e-type=\"widget\" data-widget_type=\"heading.default\">\n\t\t\t\t\t<h2 class=\"elementor-heading-title elementor-size-default\">Unsere WErte<\/h2>\t\t\t\t<\/div>\n\t\t<div class=\"elementor-element elementor-element-707a9052 e-con-full e-flex e-con e-child\" data-id=\"707a9052\" data-element_type=\"container\" data-e-type=\"container\">\n\t\t<div class=\"elementor-element elementor-element-79acb599 e-con-full e-flex e-con e-child\" data-id=\"79acb599\" data-element_type=\"container\" data-e-type=\"container\">\n\t\t\t\t<div class=\"elementor-element elementor-element-342d8727 elementor-widget-divider--view-line elementor-widget elementor-widget-divider\" data-id=\"342d8727\" data-element_type=\"widget\" data-e-type=\"widget\" data-widget_type=\"divider.default\">\n\t\t\t\t\t\t\t<div class=\"elementor-divider\">\n\t\t\t<span class=\"elementor-divider-separator\">\n\t\t\t\t\t\t<\/span>\n\t\t<\/div>\n\t\t\t\t\t\t<\/div>\n\t\t\t\t<div class=\"elementor-element elementor-element-5fc7b57e elementor-widget elementor-widget-heading\" data-id=\"5fc7b57e\" data-element_type=\"widget\" data-e-type=\"widget\" data-widget_type=\"heading.default\">\n\t\t\t\t\t<h2 class=\"elementor-heading-title elementor-size-default\">B\u00fcrgern\u00e4he<\/h2>\t\t\t\t<\/div>\n\t\t\t\t<div class=\"elementor-element elementor-element-51f42924 elementor-widget elementor-widget-text-editor\" data-id=\"51f42924\" data-element_type=\"widget\" data-e-type=\"widget\" data-widget_type=\"text-editor.default\">\n\t\t\t\t\t\t\t\t\t<p>Wir h\u00f6ren zu, nehmen Anliegen ernst und setzen uns f\u00fcr L\u00f6sungen ein, die im Alltag der Peuerbacherinnen und Peuerbacher wirklich ankommen.<\/p>\t\t\t\t\t\t\t\t<\/div>\n\t\t\t\t<\/div>\n\t\t<div class=\"elementor-element elementor-element-38457138 e-con-full e-flex e-con e-child\" data-id=\"38457138\" data-element_type=\"container\" data-e-type=\"container\">\n\t\t\t\t<div class=\"elementor-element elementor-element-6dd7eb72 elementor-widget-divider--view-line elementor-widget elementor-widget-divider\" data-id=\"6dd7eb72\" data-element_type=\"widget\" data-e-type=\"widget\" data-widget_type=\"divider.default\">\n\t\t\t\t\t\t\t<div class=\"elementor-divider\">\n\t\t\t<span class=\"elementor-divider-separator\">\n\t\t\t\t\t\t<\/span>\n\t\t<\/div>\n\t\t\t\t\t\t<\/div>\n\t\t\t\t<div class=\"elementor-element elementor-element-4ffdf5c0 elementor-widget elementor-widget-heading\" data-id=\"4ffdf5c0\" data-element_type=\"widget\" data-e-type=\"widget\" data-widget_type=\"heading.default\">\n\t\t\t\t\t<h2 class=\"elementor-heading-title elementor-size-default\">Verantwortung<\/h2>\t\t\t\t<\/div>\n\t\t\t\t<div class=\"elementor-element elementor-element-42071372 elementor-widget elementor-widget-text-editor\" data-id=\"42071372\" data-element_type=\"widget\" data-e-type=\"widget\" data-widget_type=\"text-editor.default\">\n\t\t\t\t\t\t\t\t\t<p>Mit Hausverstand, Einsatz und klarer Haltung arbeiten wir an einer Gemeinde, in der Lebensqualit\u00e4t, Sicherheit und Zusammenhalt langfristig gest\u00e4rkt werden.<\/p>\t\t\t\t\t\t\t\t<\/div>\n\t\t\t\t<\/div>\n\t\t<div class=\"elementor-element elementor-element-67dd6a28 e-con-full e-flex e-con e-child\" data-id=\"67dd6a28\" data-element_type=\"container\" data-e-type=\"container\">\n\t\t\t\t<div class=\"elementor-element elementor-element-32cc2aed elementor-widget-divider--view-line elementor-widget elementor-widget-divider\" data-id=\"32cc2aed\" data-element_type=\"widget\" data-e-type=\"widget\" data-widget_type=\"divider.default\">\n\t\t\t\t\t\t\t<div class=\"elementor-divider\">\n\t\t\t<span class=\"elementor-divider-separator\">\n\t\t\t\t\t\t<\/span>\n\t\t<\/div>\n\t\t\t\t\t\t<\/div>\n\t\t\t\t<div class=\"elementor-element elementor-element-85eee1a elementor-widget elementor-widget-heading\" data-id=\"85eee1a\" data-element_type=\"widget\" data-e-type=\"widget\" data-widget_type=\"heading.default\">\n\t\t\t\t\t<h2 class=\"elementor-heading-title elementor-size-default\">Zukunft gestalten<\/h2>\t\t\t\t<\/div>\n\t\t\t\t<div class=\"elementor-element elementor-element-794bc23 elementor-widget elementor-widget-text-editor\" data-id=\"794bc23\" data-element_type=\"widget\" data-e-type=\"widget\" data-widget_type=\"text-editor.default\">\n\t\t\t\t\t\t\t\t\t<p>Wir wollen Peuerbach aktiv weiterentwickeln und Chancen nutzen, damit unsere Gemeinde auch morgen ein lebenswerter Ort f\u00fcr alle Generationen bleibt.<\/p>\t\t\t\t\t\t\t\t<\/div>\n\t\t\t\t<\/div>\n\t\t<div class=\"elementor-element elementor-element-1bed4951 e-con-full e-flex e-con e-child\" data-id=\"1bed4951\" data-element_type=\"container\" data-e-type=\"container\">\n\t\t\t\t<div class=\"elementor-element elementor-element-b4b9008 elementor-widget-divider--view-line elementor-widget elementor-widget-divider\" data-id=\"b4b9008\" data-element_type=\"widget\" data-e-type=\"widget\" data-widget_type=\"divider.default\">\n\t\t\t\t\t\t\t<div class=\"elementor-divider\">\n\t\t\t<span class=\"elementor-divider-separator\">\n\t\t\t\t\t\t<\/span>\n\t\t<\/div>\n\t\t\t\t\t\t<\/div>\n\t\t\t\t<div class=\"elementor-element elementor-element-2687090e elementor-widget elementor-widget-heading\" data-id=\"2687090e\" data-element_type=\"widget\" data-e-type=\"widget\" data-widget_type=\"heading.default\">\n\t\t\t\t\t<h2 class=\"elementor-heading-title elementor-size-default\">Sachpolitik<\/h2>\t\t\t\t<\/div>\n\t\t\t\t<div class=\"elementor-element elementor-element-6901eb7 elementor-widget elementor-widget-text-editor\" data-id=\"6901eb7\" data-element_type=\"widget\" data-e-type=\"widget\" data-widget_type=\"text-editor.default\">\n\t\t\t\t\t\t\t\t\t<p>Wir stehen f\u00fcr eine Politik ohne Ideologien, die nicht links oder rechts denkt, sondern das in den Mittelpunkt stellt, was f\u00fcr Peuerbach wirklich sinnvoll ist.<\/p>\t\t\t\t\t\t\t\t<\/div>\n\t\t\t\t<\/div>\n\t\t\t\t<\/div>\n\t\t\t\t<\/div>\n\t\t<div class=\"elementor-element elementor-element-10f6c283 e-con-full e-flex e-con e-parent\" data-id=\"10f6c283\" data-element_type=\"container\" data-e-type=\"container\">\n\t\t\t\t<div class=\"elementor-element elementor-element-3392a852 elementor-widget elementor-widget-heading\" data-id=\"3392a852\" data-element_type=\"widget\" data-e-type=\"widget\" data-widget_type=\"heading.default\">\n\t\t\t\t\t<h2 class=\"elementor-heading-title elementor-size-default\">Unser Kernteam<\/h2>\t\t\t\t<\/div>\n\t\t<div class=\"elementor-element elementor-element-3e531e29 e-con-full e-flex e-con e-child\" data-id=\"3e531e29\" data-element_type=\"container\" data-e-type=\"container\">\n\t\t<div class=\"elementor-element elementor-element-7b27fc09 e-con-full e-flex e-con e-child\" data-id=\"7b27fc09\" data-element_type=\"container\" data-e-type=\"container\">\n\t\t\t\t<div class=\"elementor-element elementor-element-49c08a63 elementor-cta--layout-image-above elementor-cta--skin-classic elementor-animated-content elementor-bg-transform elementor-bg-transform-zoom-in elementor-widget elementor-widget-call-to-action\" data-id=\"49c08a63\" data-element_type=\"widget\" data-e-type=\"widget\" data-widget_type=\"call-to-action.default\">\n\t\t\t\t\t\t\t<div class=\"elementor-cta\">\n\t\t\t\t\t\t\t<div class=\"elementor-cta__content\">\n\t\t\t\t\t\t\t\t\t<div class=\"elementor-content-item elementor-cta__content-item elementor-cta__image\">\n\t\t\t\t\t\t<img fetchpriority=\"high\" decoding=\"async\" width=\"500\" height=\"500\" src=\"https:\/\/buergerlisten-ooe.at\/peuerbach\/wp-content\/uploads\/2026\/03\/gollner-e1772798729843.jpeg\" class=\"attachment-full size-full wp-image-197\" alt=\"\" srcset=\"https:\/\/buergerlisten-ooe.at\/peuerbach\/wp-content\/uploads\/2026\/03\/gollner-e1772798729843.jpeg 500w, https:\/\/buergerlisten-ooe.at\/peuerbach\/wp-content\/uploads\/2026\/03\/gollner-e1772798729843-300x300.jpeg 300w, https:\/\/buergerlisten-ooe.at\/peuerbach\/wp-content\/uploads\/2026\/03\/gollner-e1772798729843-150x150.jpeg 150w\" sizes=\"(max-width: 500px) 100vw, 500px\" \/>\t\t\t\t\t<\/div>\n\t\t\t\t\n\t\t\t\t\t\t\t\t\t<h4 class=\"elementor-cta__title elementor-cta__content-item elementor-content-item\">\n\t\t\t\t\t\tDr. Martin Gollner\t\t\t\t\t<\/h4>\n\t\t\t\t\n\t\t\t\t\n\t\t\t\t\t\t\t<\/div>\n\t\t\t\t\t\t<\/div>\n\t\t\t\t\t\t<\/div>\n\t\t\t\t<\/div>\n\t\t<div class=\"elementor-element elementor-element-ac8f129 e-con-full e-flex e-con e-child\" data-id=\"ac8f129\" data-element_type=\"container\" data-e-type=\"container\">\n\t\t\t\t<div class=\"elementor-element elementor-element-439bc8ef elementor-cta--layout-image-above elementor-cta--skin-classic elementor-animated-content elementor-bg-transform elementor-bg-transform-zoom-in elementor-widget elementor-widget-call-to-action\" data-id=\"439bc8ef\" data-element_type=\"widget\" data-e-type=\"widget\" data-widget_type=\"call-to-action.default\">\n\t\t\t\t\t\t\t<div class=\"elementor-cta\">\n\t\t\t\t\t\t\t<div class=\"elementor-cta__content\">\n\t\t\t\t\t\t\t\t\t<div class=\"elementor-content-item elementor-cta__content-item elementor-cta__image\">\n\t\t\t\t\t\t<img decoding=\"async\" width=\"500\" height=\"500\" src=\"https:\/\/buergerlisten-ooe.at\/peuerbach\/wp-content\/uploads\/2026\/03\/praschl-e1772798745538.png\" class=\"attachment-full size-full wp-image-195\" alt=\"\" srcset=\"https:\/\/buergerlisten-ooe.at\/peuerbach\/wp-content\/uploads\/2026\/03\/praschl-e1772798745538.png 500w, https:\/\/buergerlisten-ooe.at\/peuerbach\/wp-content\/uploads\/2026\/03\/praschl-e1772798745538-300x300.png 300w, https:\/\/buergerlisten-ooe.at\/peuerbach\/wp-content\/uploads\/2026\/03\/praschl-e1772798745538-150x150.png 150w\" sizes=\"(max-width: 500px) 100vw, 500px\" \/>\t\t\t\t\t<\/div>\n\t\t\t\t\n\t\t\t\t\t\t\t\t\t<h4 class=\"elementor-cta__title elementor-cta__content-item elementor-content-item\">\n\t\t\t\t\t\tStephanie Praschl\t\t\t\t\t<\/h4>\n\t\t\t\t\n\t\t\t\t\n\t\t\t\t\t\t\t<\/div>\n\t\t\t\t\t\t<\/div>\n\t\t\t\t\t\t<\/div>\n\t\t\t\t<\/div>\n\t\t<div class=\"elementor-element elementor-element-5ed30c14 e-con-full e-flex e-con e-child\" data-id=\"5ed30c14\" data-element_type=\"container\" data-e-type=\"container\">\n\t\t\t\t<div class=\"elementor-element elementor-element-59af0a32 elementor-cta--layout-image-above elementor-cta--skin-classic elementor-animated-content elementor-bg-transform elementor-bg-transform-zoom-in elementor-widget elementor-widget-call-to-action\" data-id=\"59af0a32\" data-element_type=\"widget\" data-e-type=\"widget\" data-widget_type=\"call-to-action.default\">\n\t\t\t\t\t\t\t<div class=\"elementor-cta\">\n\t\t\t\t\t\t\t<div class=\"elementor-cta__content\">\n\t\t\t\t\t\t\t\t\t<div class=\"elementor-content-item elementor-cta__content-item elementor-cta__image\">\n\t\t\t\t\t\t<img decoding=\"async\" width=\"500\" height=\"500\" src=\"https:\/\/buergerlisten-ooe.at\/peuerbach\/wp-content\/uploads\/2026\/03\/riegler-e1772798766995.png\" class=\"attachment-full size-full wp-image-194\" alt=\"\" srcset=\"https:\/\/buergerlisten-ooe.at\/peuerbach\/wp-content\/uploads\/2026\/03\/riegler-e1772798766995.png 500w, https:\/\/buergerlisten-ooe.at\/peuerbach\/wp-content\/uploads\/2026\/03\/riegler-e1772798766995-300x300.png 300w, https:\/\/buergerlisten-ooe.at\/peuerbach\/wp-content\/uploads\/2026\/03\/riegler-e1772798766995-150x150.png 150w\" sizes=\"(max-width: 500px) 100vw, 500px\" \/>\t\t\t\t\t<\/div>\n\t\t\t\t\n\t\t\t\t\t\t\t\t\t<h4 class=\"elementor-cta__title elementor-cta__content-item elementor-content-item\">\n\t\t\t\t\t\tElmar Riegler\t\t\t\t\t<\/h4>\n\t\t\t\t\n\t\t\t\t\n\t\t\t\t\t\t\t<\/div>\n\t\t\t\t\t\t<\/div>\n\t\t\t\t\t\t<\/div>\n\t\t\t\t<\/div>\n\t\t<div class=\"elementor-element elementor-element-21a7696e e-con-full e-flex e-con e-child\" data-id=\"21a7696e\" data-element_type=\"container\" data-e-type=\"container\">\n\t\t\t\t<div class=\"elementor-element elementor-element-3d909a2b elementor-cta--layout-image-above elementor-cta--skin-classic elementor-animated-content elementor-bg-transform elementor-bg-transform-zoom-in elementor-widget elementor-widget-call-to-action\" data-id=\"3d909a2b\" data-element_type=\"widget\" data-e-type=\"widget\" data-widget_type=\"call-to-action.default\">\n\t\t\t\t\t\t\t<div class=\"elementor-cta\">\n\t\t\t\t\t\t\t<div class=\"elementor-cta__content\">\n\t\t\t\t\t\t\t\t\t<div class=\"elementor-content-item elementor-cta__content-item elementor-cta__image\">\n\t\t\t\t\t\t<img loading=\"lazy\" decoding=\"async\" width=\"1024\" height=\"1024\" src=\"https:\/\/buergerlisten-ooe.at\/peuerbach\/wp-content\/uploads\/2026\/03\/nicht-verfuegbar.png\" class=\"attachment-full size-full wp-image-198\" alt=\"\" srcset=\"https:\/\/buergerlisten-ooe.at\/peuerbach\/wp-content\/uploads\/2026\/03\/nicht-verfuegbar.png 1024w, https:\/\/buergerlisten-ooe.at\/peuerbach\/wp-content\/uploads\/2026\/03\/nicht-verfuegbar-300x300.png 300w, https:\/\/buergerlisten-ooe.at\/peuerbach\/wp-content\/uploads\/2026\/03\/nicht-verfuegbar-150x150.png 150w, https:\/\/buergerlisten-ooe.at\/peuerbach\/wp-content\/uploads\/2026\/03\/nicht-verfuegbar-768x768.png 768w\" sizes=\"(max-width: 1024px) 100vw, 1024px\" \/>\t\t\t\t\t<\/div>\n\t\t\t\t\n\t\t\t\t\t\t\t\t\t<h4 class=\"elementor-cta__title elementor-cta__content-item elementor-content-item\">\n\t\t\t\t\t\tDI Ren\u00e9 Brunner\t\t\t\t\t<\/h4>\n\t\t\t\t\n\t\t\t\t\n\t\t\t\t\t\t\t<\/div>\n\t\t\t\t\t\t<\/div>\n\t\t\t\t\t\t<\/div>\n\t\t\t\t<\/div>\n\t\t<div class=\"elementor-element elementor-element-59738fa6 e-con-full e-flex e-con e-child\" data-id=\"59738fa6\" data-element_type=\"container\" data-e-type=\"container\">\n\t\t\t\t<div class=\"elementor-element elementor-element-70959f61 elementor-cta--layout-image-above elementor-cta--skin-classic elementor-animated-content elementor-bg-transform elementor-bg-transform-zoom-in elementor-widget elementor-widget-call-to-action\" data-id=\"70959f61\" data-element_type=\"widget\" data-e-type=\"widget\" data-widget_type=\"call-to-action.default\">\n\t\t\t\t\t\t\t<div class=\"elementor-cta\">\n\t\t\t\t\t\t\t<div class=\"elementor-cta__content\">\n\t\t\t\t\t\t\t\t\t<div class=\"elementor-content-item elementor-cta__content-item elementor-cta__image\">\n\t\t\t\t\t\t<img loading=\"lazy\" decoding=\"async\" width=\"545\" height=\"555\" src=\"https:\/\/buergerlisten-ooe.at\/peuerbach\/wp-content\/uploads\/2026\/03\/dullinger.png\" class=\"attachment-full size-full wp-image-196\" alt=\"\" srcset=\"https:\/\/buergerlisten-ooe.at\/peuerbach\/wp-content\/uploads\/2026\/03\/dullinger.png 545w, https:\/\/buergerlisten-ooe.at\/peuerbach\/wp-content\/uploads\/2026\/03\/dullinger-295x300.png 295w\" sizes=\"(max-width: 545px) 100vw, 545px\" \/>\t\t\t\t\t<\/div>\n\t\t\t\t\n\t\t\t\t\t\t\t\t\t<h4 class=\"elementor-cta__title elementor-cta__content-item elementor-content-item\">\n\t\t\t\t\t\tChristian Dullinger\t\t\t\t\t<\/h4>\n\t\t\t\t\n\t\t\t\t\n\t\t\t\t\t\t\t<\/div>\n\t\t\t\t\t\t<\/div>\n\t\t\t\t\t\t<\/div>\n\t\t\t\t<\/div>\n\t\t\t\t<\/div>\n\t\t\t\t<\/div>\n\t\t<div class=\"elementor-element elementor-element-7f64258 e-con-full e-flex e-con e-parent\" data-id=\"7f64258\" data-element_type=\"container\" data-e-type=\"container\" data-settings=\"{&quot;background_background&quot;:&quot;classic&quot;}\">\n\t\t<div class=\"elementor-element elementor-element-f69d37b e-con-full e-flex e-con e-child\" data-id=\"f69d37b\" data-element_type=\"container\" data-e-type=\"container\">\n\t\t\t\t<div class=\"elementor-element elementor-element-ce9f657 elementor-widget elementor-widget-heading\" data-id=\"ce9f657\" data-element_type=\"widget\" data-e-type=\"widget\" data-widget_type=\"heading.default\">\n\t\t\t\t\t<h2 class=\"elementor-heading-title elementor-size-default\">Wir sind bereit Verant-wortung zu \u00fcbernehmen<\/h2>\t\t\t\t<\/div>\n\t\t\t\t<\/div>\n\t\t<div class=\"elementor-element elementor-element-3d1666e e-con-full e-flex e-con e-child\" data-id=\"3d1666e\" data-element_type=\"container\" data-e-type=\"container\">\n\t\t\t\t<div class=\"elementor-element elementor-element-18d4afa elementor-widget elementor-widget-heading\" data-id=\"18d4afa\" data-element_type=\"widget\" data-e-type=\"widget\" data-widget_type=\"heading.default\">\n\t\t\t\t\t<h2 class=\"elementor-heading-title elementor-size-default\">Sie wollen auch dabei sein oder mehr erfahren?<\/h2>\t\t\t\t<\/div>\n\t\t\t\t<div class=\"elementor-element elementor-element-b65b3dd elementor-widget elementor-widget-button\" data-id=\"b65b3dd\" data-element_type=\"widget\" data-e-type=\"widget\" data-widget_type=\"button.default\">\n\t\t\t\t\t\t\t\t\t\t<a class=\"elementor-button elementor-button-link elementor-size-sm\" href=\"https:\/\/buergerlisten-ooe.at\/peuerbach\/contact-us\/\">\n\t\t\t\t\t\t<span class=\"elementor-button-content-wrapper\">\n\t\t\t\t\t\t\t\t\t<span class=\"elementor-button-text\">Kontaktieren Sie uns!<\/span>\n\t\t\t\t\t<\/span>\n\t\t\t\t\t<\/a>\n\t\t\t\t\t\t\t\t<\/div>\n\t\t\t\t<\/div>\n\t\t\t\t<\/div>\n\t\t\t\t<\/div>\n\t\t","protected":false},"excerpt":{"rendered":"<p>\u00dcber uns B\u00fcrgernah, ehrlich und mit voller \u00dcberzeugung f\u00fcr unsere Gemeinde da. Menschen mit Haltung. Ein starkes Team f\u00fcr Peuerbach. Wir sind TOP Peuerbach \u2013 eine engagierte B\u00fcrgerliste, die sich seit 2017 mit \u00dcberzeugung, Hausverstand und echter B\u00fcrgern\u00e4he f\u00fcr die Anliegen unserer Gemeinde einsetzt. Als Teil der B\u00fcrgerlisten Ober\u00f6sterreich stehen wir f\u00fcr eine sachliche, unabh\u00e4ngige [&hellip;]<\/p>\n","protected":false},"author":1,"featured_media":0,"parent":0,"menu_order":0,"comment_status":"closed","ping_status":"closed","template":"elementor_header_footer","meta":{"footnotes":""},"class_list":["post-58","page","type-page","status-publish","hentry"],"_links":{"self":[{"href":"https:\/\/buergerlisten-ooe.at\/peuerbach\/wp-json\/wp\/v2\/pages\/58","targetHints":{"allow":["GET"]}}],"collection":[{"href":"https:\/\/buergerlisten-ooe.at\/peuerbach\/wp-json\/wp\/v2\/pages"}],"about":[{"href":"https:\/\/buergerlisten-ooe.at\/peuerbach\/wp-json\/wp\/v2\/types\/page"}],"author":[{"embeddable":true,"href":"https:\/\/buergerlisten-ooe.at\/peuerbach\/wp-json\/wp\/v2\/users\/1"}],"replies":[{"embeddable":true,"href":"https:\/\/buergerlisten-ooe.at\/peuerbach\/wp-json\/wp\/v2\/comments?post=58"}],"version-history":[{"count":8,"href":"https:\/\/buergerlisten-ooe.at\/peuerbach\/wp-json\/wp\/v2\/pages\/58\/revisions"}],"predecessor-version":[{"id":213,"href":"https:\/\/buergerlisten-ooe.at\/peuerbach\/wp-json\/wp\/v2\/pages\/58\/revisions\/213"}],"wp:attachment":[{"href":"https:\/\/buergerlisten-ooe.at\/peuerbach\/wp-json\/wp\/v2\/media?parent=58"}],"curies":[{"name":"wp","href":"https:\/\/api.w.org\/{rel}","templated":true}]}}